{"id":197,"date":"2026-04-22T10:37:37","date_gmt":"2026-04-22T10:37:37","guid":{"rendered":"https:\/\/monsieuroliviermedium.com\/?page_id=197"},"modified":"2026-04-22T10:38:11","modified_gmt":"2026-04-22T10:38:11","slug":"mentions-legales","status":"publish","type":"page","link":"https:\/\/monsieuroliviermedium.com\/index.php\/mentions-legales\/","title":{"rendered":"Mentions l\u00e9gales"},"content":{"rendered":"\t\t<div data-elementor-type=\"wp-page\" data-elementor-id=\"197\" class=\"elementor elementor-197\">\n\t\t\t\t<div class=\"elementor-element elementor-element-e6ebea1 e-flex e-con-boxed e-con e-parent\" data-id=\"e6ebea1\" data-element_type=\"container\" data-e-type=\"container\">\n\t\t\t\t\t<div class=\"e-con-inner\">\n\t\t\t\t<div class=\"elementor-element elementor-element-8f13fff elementor-widget elementor-widget-text-editor\" data-id=\"8f13fff\" data-element_type=\"widget\" data-e-type=\"widget\" data-widget_type=\"text-editor.default\">\n\t\t\t\t\t\t\t\t\t<h3>Editeur du site<\/h3>\n<p>Le site http:\/\/www.claudealexis.tv\/ainsi que toutes ces composantes sont la propri\u00e9t\u00e9 de REINICHE Claude<\/p>\n<p><strong>Soci\u00e9t\u00e9 :<\/strong>&nbsp;REINICHE Claude<br><strong>SIREN :<\/strong>&nbsp;331 113 779<br><strong>N\u00b0 TVA :<\/strong>&nbsp;FR45 331 113 779<\/p>\n<h3>H\u00e9bergement<\/h3>\n<p>E-MONSITE<br>SAS au capital de 1 255 200.00 \u20ac<\/p>\n<p>RCS Amien 794 282 202 000 17<br>Code APE 6201Z<br>N\u00b0 TVA : FR05 794 282 202<\/p>\n<p><strong>Si\u00e8ge social :<\/strong>&nbsp;19 rue Lamartine 80000 Amiens \u2013 France.<\/p>\n<p><strong>Directeur de la publication :<\/strong>&nbsp;Arnaud JIBAUT<\/p>\n<h3>Art. 6, III, 1 de la loi pour la confiance dans l\u2019\u00e9conomie num\u00e9rique (LCEN)<\/h3>\n<p>En vous connectant \u00e0 ce site \u00e9dit\u00e9 pour REINICHE Claude , vous acc\u00e9dez \u00e0 un contenu prot\u00e9g\u00e9 par la loi, notamment pour les dispositions du Code de la propri\u00e9t\u00e9 intellectuelle. L\u2019\u00e9diteur n\u2019autorise qu\u2019un usage strictement personnel des donn\u00e9es, informations ou contenu auquel vous acc\u00e9dez, limit\u00e9 \u00e0 un enregistrement temporaire sur votre ordinateur aux fins d\u2019affichage sur un seul \u00e9cran ainsi que la reproduction, en un unique exemplaire, pour copie de sauvegarde ou impression papier. Toute autre utilisation est soumise \u00e0 notre autorisation expresse pr\u00e9alable. En poursuivant votre visite de notre site, vous acceptez de respecter les restrictions ci-dessus. Droits de reproduction et de diffusion r\u00e9serv\u00e9s \u00a9 nom soci\u00e9t\u00e9.<\/p>\t\t\t\t\t\t\t\t<\/div>\n\t\t\t\t\t<\/div>\n\t\t\t\t<\/div>\n\t\t\t\t<\/div>\n\t\t","protected":false},"excerpt":{"rendered":"<p>Editeur du site Le site http:\/\/www.claudealexis.tv\/ainsi que toutes ces composantes sont la propri\u00e9t\u00e9 de REINICHE Claude Soci\u00e9t\u00e9 :&nbsp;REINICHE ClaudeSIREN :&nbsp;331 113 779N\u00b0 TVA :&nbsp;FR45 331 113 779 H\u00e9bergement E-MONSITESAS au capital de 1 255 200.00 \u20ac RCS Amien 794 282 202 000 17Code APE 6201ZN\u00b0 TVA : FR05 794 282 202 Si\u00e8ge social :&nbsp;19 rue [&hellip;]<\/p>\n","protected":false},"author":1,"featured_media":0,"parent":0,"menu_order":0,"comment_status":"closed","ping_status":"closed","template":"","meta":{"footnotes":""},"class_list":["post-197","page","type-page","status-publish","hentry"],"blocksy_meta":[],"_links":{"self":[{"href":"https:\/\/monsieuroliviermedium.com\/index.php\/wp-json\/wp\/v2\/pages\/197","targetHints":{"allow":["GET"]}}],"collection":[{"href":"https:\/\/monsieuroliviermedium.com\/index.php\/wp-json\/wp\/v2\/pages"}],"about":[{"href":"https:\/\/monsieuroliviermedium.com\/index.php\/wp-json\/wp\/v2\/types\/page"}],"author":[{"embeddable":true,"href":"https:\/\/monsieuroliviermedium.com\/index.php\/wp-json\/wp\/v2\/users\/1"}],"replies":[{"embeddable":true,"href":"https:\/\/monsieuroliviermedium.com\/index.php\/wp-json\/wp\/v2\/comments?post=197"}],"version-history":[{"count":4,"href":"https:\/\/monsieuroliviermedium.com\/index.php\/wp-json\/wp\/v2\/pages\/197\/revisions"}],"predecessor-version":[{"id":201,"href":"https:\/\/monsieuroliviermedium.com\/index.php\/wp-json\/wp\/v2\/pages\/197\/revisions\/201"}],"wp:attachment":[{"href":"https:\/\/monsieuroliviermedium.com\/index.php\/wp-json\/wp\/v2\/media?parent=197"}],"curies":[{"name":"wp","href":"https:\/\/api.w.org\/{rel}","templated":true}]}}