{"id":181,"date":"2026-04-22T10:30:17","date_gmt":"2026-04-22T10:30:17","guid":{"rendered":"https:\/\/monsieuroliviermedium.com\/?page_id=181"},"modified":"2026-04-22T10:45:56","modified_gmt":"2026-04-22T10:45:56","slug":"cgv","status":"publish","type":"page","link":"https:\/\/monsieuroliviermedium.com\/index.php\/cgv\/","title":{"rendered":"CGV"},"content":{"rendered":"\t\t<div data-elementor-type=\"wp-page\" data-elementor-id=\"181\" class=\"elementor elementor-181\">\n\t\t\t\t<div class=\"elementor-element elementor-element-bc425f0 e-flex e-con-boxed e-con e-parent\" data-id=\"bc425f0\" data-element_type=\"container\" data-e-type=\"container\">\n\t\t\t\t\t<div class=\"e-con-inner\">\n\t\t\t\t<div class=\"elementor-element elementor-element-97f4d4a elementor-widget elementor-widget-text-editor\" data-id=\"97f4d4a\" data-element_type=\"widget\" data-e-type=\"widget\" data-widget_type=\"text-editor.default\">\n\t\t\t\t\t\t\t\t\t<p>Les pr\u00e9sentes Conditions G\u00e9n\u00e9rales ont pour objet de d\u00e9finir l\u2019ensemble des relations entre Claude Alexis (ci-apr\u00e8s d\u00e9sign\u00e9e \u00ab La Soci\u00e9t\u00e9 \u00bb) et les utilisateurs de ses services accessibles \u00e0 l\u2019adresse suivante : http:\/\/www.claudealexis.tv (ci-apr\u00e8s d\u00e9sign\u00e9 par \u00ab le Site \u00bb). CLAUDE ALEXIS, inscrit au R\u00e9pertoire des m\u00e9tiers sous le num\u00e9ro 331 113 779, domicili\u00e9e au 45 rue Letellier 75015 est \u00e9ditrice du Site www.claudealexis.tv. Le Client d\u00e9clare avoir pris connaissance des pr\u00e9sentes conditions g\u00e9n\u00e9rales avant de passer commande du Service sur le Site. Des conditions particuli\u00e8res peuvent compl\u00e9ter les pr\u00e9sentes conditions et seront \u00e9nonc\u00e9es sur le Site. Le Client en sera ainsi inform\u00e9 via le Site avant toute transaction. En passant commande d\u2019une consultation, le Client accepte express\u00e9ment et irr\u00e9vocablement les termes tels que ci-apr\u00e8s \u00e9nonc\u00e9s. Le seul fait de p\u00e9n\u00e9trer sur le Site constitue une acceptation par le Client de l\u2019int\u00e9gralit\u00e9 des conditions g\u00e9n\u00e9rales.<\/p><h3>1. ACCEPTATION DES CONDITIONS GENERALES DE VENTE<\/h3><p>En acc\u00e9dant \u00e0 ce site, tout Visiteur est soumis aux pr\u00e9sentes CGV. En contractant selon les modes de conclusion du contrat pr\u00e9sent\u00e9 sur le site et la formule choisie, le Visiteur devient un Client du site, pour la dur\u00e9e du service contract\u00e9 et est soumis aux pr\u00e9sentes CGV. Le Client reconna\u00eet avoir consult\u00e9 les informations l\u00e9gales figurant sur le site lors de sa visite.<\/p><h3>2. DESCRIPTION DES SERVICES<\/h3><p>www.claudealexis.tv est un Site internet destin\u00e9 \u00e0 la voyance avec des services gratuits et payants relatifs au domaine de la voyance. La Soci\u00e9t\u00e9 propose un service de consultation de voyance par t\u00e9l\u00e9phone, tchat ou\/et email. Afin de b\u00e9n\u00e9ficier d\u2019une consultation de voyance, le Client peut commander directement sur le Site une consultation avec un des consultants du Site. Pour toute question, le Client peut contacter par mail le service Client de la Soci\u00e9t\u00e9 en cliquant sur la rubrique \u00ab Contactez-nous \u00bb en bas de la page d\u2019accueil (ci-apr\u00e8s d\u00e9sign\u00e9 par \u00ab le Service Client \u00bb).<\/p><h3>3. UTILISATEURS DES SERVICES<\/h3><p>Les services propos\u00e9s par la Soci\u00e9t\u00e9 sont exclusivement r\u00e9serv\u00e9s aux particuliers et aux personnes :<\/p><p>majeures, \u00e2g\u00e9es de plus de 18 ans<br \/>jouissant de la pleine et enti\u00e8re capacit\u00e9 de discernement, \u00e9tant capable juridiquement de contracter et d\u2019utiliser les Services conform\u00e9ment aux pr\u00e9sentes Conditions G\u00e9n\u00e9rales , et<br \/>ayant des capacit\u00e9s financi\u00e8res suffisantes pour b\u00e9n\u00e9ficier des prestations propos\u00e9es sur ce Site, et ne faire l\u2019objet d\u2019aucune proc\u00e9dure de surendettement<\/p><h3>4. TARIFS ET MODES DE PAIEMENT<\/h3><p>Les prix des services sont indiqu\u00e9s en Euro T.T.C. Tout changement de taux de TVA sera r\u00e9percut\u00e9 automatiquement sur le prix des services. Les modes de paiement accept\u00e9s sont les cartes bancaires \u00e0 savoir VISA et EUROCARD\/MASTERCARD ainsi que toutes les cartes accept\u00e9es par le partenaire de paiement de la Soci\u00e9t\u00e9.<\/p><p>Voici le lien d\u2019assistance aux titulaires de carte suivant : https:\/\/customer.centralpay.net\/home\/4d7414e5-ddcd-4a86-a711-2b635e8c5a80<\/p><h3>5. UTILISATION DES SERVICES<\/h3><p><strong>5.1. S\u00e9curit\u00e9 des Transactions<\/strong><\/p><p>Le syst\u00e8me de paiement est confi\u00e9 \u00e0 un prestataire sp\u00e9cialis\u00e9 qui assure la s\u00e9curit\u00e9 et la confidentialit\u00e9 des donn\u00e9es de paiement transmises par l\u2019Utilisateur. La Soci\u00e9t\u00e9 n\u2019a pas acc\u00e8s aux informations de paiement de l\u2019Utilisateur.<\/p><p><strong>5.2. Obligations de la Soci\u00e9t\u00e9<\/strong><\/p><p>La Soci\u00e9t\u00e9 informe le Client que le montant d\u00e9bit\u00e9 sur le compte bancaire du consommateur dans le cadre de la consultation qu\u2019il aura effectu\u00e9e apparaitra sur son relev\u00e9 bancaire sous la d\u00e9nomination CLAUDE ALEXIS. La Soci\u00e9t\u00e9 s\u2019engage \u00e0 ce que cette mention figure sur son Site. La Soci\u00e9t\u00e9 s\u2019engage \u00e0 respecter les r\u00e8gles de facturation des transactions par carte bancaire, ci-dessous \u00e9nonc\u00e9es et en informe le Client :<\/p><p>Le montant minimum d\u2019une transaction par carte bancaire via le TPE Virtuel est de cinq (5) euros<br \/>Le montant maximum d\u2019une transaction par carte bancaire via le TPE Virtuel est de trois cents (300) euros<br \/>Le montant maximum de transaction par carte bancaire via le TPE Virtuel par Client et par mois est de deux mille (2000) euros cumul\u00e9s<\/p><p><strong>5.3. Utilisations interdites des Services<\/strong><\/p><p>Dans le cadre de l\u2019Utilisation des Services, le Client s\u2019interdit notamment de :<\/p><p>nuire, porter pr\u00e9judice \u00e0 un tiers, de quelque mani\u00e8re que ce soit, et notamment en commettant des actes de concurrence d\u00e9loyale, des actes de parasitisme, des actes d\u2019atteinte \u00e0 la r\u00e9putation ou \u00e0 l\u2019image, des actes de d\u00e9nigrement, des actes portant atteinte \u00e0 la vie priv\u00e9e,<br \/>commettre ou tenter de commettre une ou des infraction(s) p\u00e9nale(s),<br \/>d\u00e9tourner ou tenter de d\u00e9tourner les Services \u00e0 des fins autres que celles auxquelles ils sont destin\u00e9s,<br \/>exploiter, commercialiser tout ou partie des Services, par exemple sous forme de location, ou d\u2019une revente des Services,<br \/>porter atteinte, ou tenter de porter atteinte \u00e0 la r\u00e9putation ou \u00e0 l\u2019image de la Soci\u00e9t\u00e9, des Services, de quelque mani\u00e8re que ce soit, et notamment via internet (par exemple via : les r\u00e9seaux sociaux, l\u2019Application, etc.),<br \/>tenter de perturber ou perturber ou interrompre le fonctionnement de tout ou partie des Services,<br \/>tenter d\u2019enfreindre ou enfreindre les exigences, proc\u00e9dures, r\u00e8gles ou r\u00e9glementations de tous r\u00e9seaux ou services connect\u00e9s au TPE Virtuel,<br \/>essayer de porter ou porter atteinte aux services fournis par un ou plusieurs des prestataires de la Soci\u00e9t\u00e9 impliqu\u00e9(s) dans le fonctionnement du TPE Virtuel,<br \/>tenter d\u2019entrer ou entrer dans tout ou partie du serveur h\u00e9bergeant le TPE Virtuel,<br \/>tenter de sonder, tenter de scruter ou tester la vuln\u00e9rabilit\u00e9 des Services,<br \/>enfreindre les mesures de s\u00e9curit\u00e9 et\/ou d\u2019authentification de tout ou partie des Services,<br \/>mener une activit\u00e9 ou inciter une tierce personne \u00e0 mener une activit\u00e9 ill\u00e9gale ou toute autre activit\u00e9 qui porterait atteinte aux droits de la Soci\u00e9t\u00e9, et\/ou de ses prestataires et\/ou de tout tiers,<br \/>transmettre, t\u00e9l\u00e9charger vers le TPE Virtuel, afficher, de quelque mani\u00e8re que ce soit, et par quelque moyen technologique que ce soit, tout \u00e9l\u00e9ment contenant des virus logiciels ou autres codes, fichiers ou programmes informatiques con\u00e7us pour interrompre, d\u00e9truire ou limiter la fonctionnalit\u00e9 de tout logiciel ou mat\u00e9riel informatique ou de tout \u00e9quipement de t\u00e9l\u00e9communication participant au fonctionnement du TPE Virtuel,<\/p><p>D\u2019une mani\u00e8re g\u00e9n\u00e9rale, le Client s\u2019interdit de quelque mani\u00e8re que ce soit, d\u2019\u00eatre ou de tenter d\u2019\u00eatre l\u2019auteur d\u2019un acte positif ou d\u2019une omission susceptible de causer ou causant un pr\u00e9judice, de quelque nature que ce soit, \u00e0 la Soci\u00e9t\u00e9 et\/ou \u00e0 tout tiers. Le Client reconna\u00eet par avance que toute violation par lui du pr\u00e9sent article cause \u00e0 la Soci\u00e9t\u00e9 et au tiers concern\u00e9 un pr\u00e9judice consid\u00e9rable, notamment en termes d\u2019image, de r\u00e9putation, et impacte n\u00e9cessairement la Soci\u00e9t\u00e9 sur le plan commercial, \u00e9conomique et financier. En cons\u00e9quence, le Client s\u2019oblige par avance \u00e0 indemniser la Soci\u00e9t\u00e9 et tous tiers concern\u00e9s, \u00e0 hauteur de l\u2019entier pr\u00e9judice caus\u00e9 par le non-respect du pr\u00e9sent article, sur simple pr\u00e9sentation par lettre recommand\u00e9e avec accus\u00e9 de r\u00e9ception des justificatifs \u00e0 l\u2019appui de l\u2019\u00e9valuation dudit pr\u00e9judice.<\/p><h3>6. RENONCIATION AU DELAI DE RETRACTATION DE L\u2019ARTICLE L121-20 DU CODE DE LA CONSOMMATION<\/h3><p>Conform\u00e9ment \u00e0 l\u2019Article L121-20-2 du Code de la consommation, le Client renonce express\u00e9ment au droit de r\u00e9tractation pr\u00e9vu \u00e0 l\u2019article L.121-20 du m\u00eame code dans la mesure o\u00f9 l\u2019ex\u00e9cution de la fourniture des services d\u00e9livr\u00e9s sur le site commence d\u00e8s l\u2019enregistrement du Client sur le dit site, et ce n\u00e9cessairement avant la fin du d\u00e9lai de r\u00e9tractation de l\u2019article en vigueur du Code de la Consommation.<\/p><h3>7. CONFIDENTIALITE DES DONNNEES PERSONNELLES<\/h3><p>La Soci\u00e9t\u00e9 s\u2019engage \u00e0 ne pas communiquer les donn\u00e9es personnelles de ses Clients \u00e0 un tiers. Le Client est le seul \u00e0 acc\u00e9der \u00e0 ses informations (courrier \u00e9lectronique, informations personnelles, mots cl\u00e9s ou toutes autres donn\u00e9es lui appartenant). Les donn\u00e9es de ce dernier sont exclusivement r\u00e9serv\u00e9es \u00e0 son usage, dans le cadre de l\u2019utilisation du Service. Conform\u00e9ment aux lois Informatique et Libert\u00e9s du 6 janvier 1978, le Client b\u00e9n\u00e9ficie d\u2019un droit d\u2019acc\u00e8s, de modification ou de suppression des donn\u00e9es le concernant. Pour l\u2019exercer, le Client peut contacter la Soci\u00e9t\u00e9 via l\u2019adresse mail du Service Client (L\u2019adresse mail du Service Client est renseign\u00e9e dans l\u2019article Description des services page 1). Apr\u00e8s cl\u00f4ture du compte du Client, les donn\u00e9es sont d\u00e9finitivement supprim\u00e9es \u00e0 l\u2019exception de celles pouvant permettre \u00e0 la Soci\u00e9t\u00e9 de justifier de l\u2019ex\u00e9cution de ses obligations l\u00e9gales ou contractuelles. Les donn\u00e9es ainsi conserv\u00e9es le sont pendant une p\u00e9riode limit\u00e9e, selon les obligations l\u00e9gales et ne font l\u2019objet d\u2019aucune utilisation pendant cette dur\u00e9e.<\/p><h3>8. PROTECTION DES DONNNEES PERSONNELLES<\/h3><p>Le R\u00e8glement G\u00e9n\u00e9ral de Protection des donn\u00e9es (RGPD), en vigueur depuis le 25 mai 2018, d\u00e9finit les principes \u00e0 respecter lors de la collecte, du traitement et de la conservation de donn\u00e9es personnelles. Il garantit aussi les droits pour les personnes concern\u00e9es. Le recueil des donn\u00e9es par la Soci\u00e9t\u00e9 a pour objectif de constituer un fichier de gestion des prospects et Clients de la Soci\u00e9t\u00e9. Le fichier est utilis\u00e9 et optimis\u00e9 \u00e0 des fins statistiques, pour contacter et proposer les contenus du Site et de la Soci\u00e9t\u00e9 aux personnes qui le d\u00e9sirent.<\/p><p><strong>8.1. Les informations collect\u00e9es<\/strong><\/p><p>La Soci\u00e9t\u00e9 demande et collecte les informations personnelles suivantes lorsque le Client souhaite utiliser ses services.<\/p><p>Informations collect\u00e9es lors de la cr\u00e9ation d\u2019un compte : Lorsque le Client s\u2019inscrit pour cr\u00e9er un compte utilisateur (sur internet ou par t\u00e9l\u00e9phone), la Soci\u00e9t\u00e9 a besoin de certaines informations personnelles telles que le pr\u00e9nom, nom de famille, num\u00e9ro de t\u00e9l\u00e9phone, adresse mail, date de naissance du Client.<br \/>Dans le cadre de la contraction d\u2019une prestation : Lorsque le Client commande une consultation, la Soci\u00e9t\u00e9 a besoin des coordonn\u00e9es de carte bancaire du Client.<\/p><p><strong>8.2. L\u2019utilisation des informations collect\u00e9es par la Soci\u00e9t\u00e9<\/strong><\/p><p>La Soci\u00e9t\u00e9 utilise les informations collect\u00e9es :<\/p><p>pour fournir, am\u00e9liorer et d\u00e9velopper ses services<br \/>pour cr\u00e9er et maintenir un environnement fiable et s\u00e9curis\u00e9<br \/>pour fournir, personnaliser et am\u00e9liorer sa publicit\u00e9 marketing.<\/p><p><strong>8.3. Les droits<\/strong><\/p><p><b>Gestion des informations Client<\/b><\/p><p>Le Client peut acc\u00e9der et mettre \u00e0 jour certaines de ses informations par le biais des param\u00e8tres de son compte ou en envoyant une demande par mail au Service Client (L\u2019adresse mail du Service Client est renseign\u00e9e dans l\u2019article Description des services page 1). Le Client a le droit de demander de corriger des informations personnelles inexactes ou incompl\u00e8tes le concernant.<\/p><p><b>Objection et suppression des donn\u00e9es<\/b><\/p><p>Lorsque les informations personnelles du Client sont trait\u00e9es \u00e0 des fins de marketing direct, le Client peut, \u00e0 tout moment, demander de cesser de traiter ses donn\u00e9es en envoyant un e-mail au Service Client (L\u2019adresse mail du Service Client est renseign\u00e9e dans l\u2019article Description des services page 1).<\/p><p><b>Atteinte aux donn\u00e9es et communication sous 72h<\/b><\/p><p>En cas de violation ou suspicion de violation de donn\u00e9es \u00e0 caract\u00e8res personnels, la Soci\u00e9t\u00e9 et ses sous-traitants notifieront la CNIL, 72h au plus tard, apr\u00e8s en avoir pris connaissance. La Soci\u00e9t\u00e9 se r\u00e9serve le droit de modifier \u00e0 tout moment cette Politique de protection des donn\u00e9es. En cas de modification substantielle telle que l\u2019introduction d\u2019une nouvelle finalit\u00e9. La Soci\u00e9t\u00e9 a nomm\u00e9 un d\u00e9l\u00e9gu\u00e9 \u00e0 la protection des donn\u00e9es en charge d\u2019assister le responsable de traitement dans le respect du R\u00e8glement europ\u00e9en. Pour toute question relative \u00e0 la protection des donn\u00e9es personnelles dans la Soci\u00e9t\u00e9, la Soci\u00e9t\u00e9 met \u00e0 la disposition du Client une adresse mail de contact, celle du Service Client de la Soci\u00e9t\u00e9 (L\u2019adresse mail du Service Client est renseign\u00e9e dans l\u2019article Description des services page 1).<\/p><h3>9. OBLIGATION DES CONSULTANTS<\/h3><p>La Soci\u00e9t\u00e9 garantie uniquement que les consultants propos\u00e9s sur le Site sont sp\u00e9cialis\u00e9s dans le domaine des arts divinatoires et sont d\u00fbment d\u00e9clar\u00e9s en France. Les consultants ainsi s\u00e9lectionn\u00e9s par la Soci\u00e9t\u00e9 s\u2019engagent \u00e0 respecter les r\u00e8gles de d\u00e9ontologie applicables dans les usages de la profession (et notamment la confidentialit\u00e9 des informations donn\u00e9es par le Client, le consultant ne peut pas se substituer \u00e0 un professionnel de la sant\u00e9 (mentale ou physique) en donnant des conseils ou des informations sur une maladie, ne porter aucun jugement moral sur le Client ou tenir des propos racistes ou homophobes, ne pas abuser d\u2019une \u00e9ventuelle faiblesse d\u2019un Utilisateur, exclure toute r\u00e9f\u00e9rence \u00e0 la magie noire ou blanche, refuser de r\u00e9pondre \u00e0 toutes les questions relatives au d\u00e9c\u00e8s d\u2019une personne, aux questions immorales). La Soci\u00e9t\u00e9 n\u2019a aucune influence sur le contenu de la consultation, qui est fournie par les consultants sous leur seule responsabilit\u00e9. La Soci\u00e9t\u00e9 n\u2019est pas responsable de la prestation fournie par les consultants, la Soci\u00e9t\u00e9 n\u2019assume en particulier aucune responsabilit\u00e9 quant \u00e0 la qualit\u00e9 des prestations propos\u00e9es par les consultants. La Soci\u00e9t\u00e9 ne pourra en aucun cas \u00eatre tenue responsable si un Consultant devait subir un quelconque pr\u00e9judice \u00e0 la suite d\u2019une consultation fournie par un consultant. Les consultants de la Soci\u00e9t\u00e9 se r\u00e9servent le droit de ne pas r\u00e9pondre aux questions des Clients en cas de force majeure ou parce que la question du Client n\u2019est pas conforme soit \u00e0 l\u2019\u00e9thique de la profession, soit aux bonnes m\u0153urs, ce que le Client reconnait et accepte. M\u00eame si le Site n\u2019est pas responsable du contenu des consultations, le Client est fortement invit\u00e9 \u00e0 signaler les abus \u00e9ventuels d\u2019un consultant en envoyant un mail au Service Client (L\u2019adresse mail du Service Client est renseign\u00e9e dans l\u2019article Description des services page 1) et en stipulant la r\u00e9f\u00e9rence de la consultation ainsi que le nom du Consultant. La Soci\u00e9t\u00e9 s\u2019engage \u00e0 ce que tout abus av\u00e9r\u00e9 soit sanctionn\u00e9 par l\u2019exclusion du Consultant.<\/p><h3>10. RESILIATION<\/h3><p>La Soci\u00e9t\u00e9 se r\u00e9serve le droit de refuser un Client ou de suspendre d\u00e9finitivement l\u2019acc\u00e8s au Client, et ce sans pr\u00e9avis, si :<\/p><p>Le Client fournit des informations bancaires fausses, incorrects ou qui ne passent pas au sein du terminal de paiement.<br \/>Le Client enfreint les pr\u00e9sentes Conditions G\u00e9n\u00e9rales. La Soci\u00e9t\u00e9 se r\u00e9serve le droit, \u00e0 tout moment, de modifier, de suspendre ou d\u2019interrompre, temporairement ou d\u00e9finitivement, tout ou partie du Service, et ce, sans avoir \u00e0 en informer pr\u00e9alablement le Client.<br \/>Le Client fournit des informations fausses lors de son inscription, a interagi avec d\u2019autres Clients ou consultants du Site ou a viol\u00e9 les pr\u00e9sentes conditions g\u00e9n\u00e9rales. Le Client cherche \u00e0 transmettre ses coordonn\u00e9es personnelles ou obtenir les coordonn\u00e9es personnelles d\u2019un membre de l\u2019\u00e9quipe. Le Client s\u2019interdit en outre d\u2019inciter les consultants \u00e0 lui fournir les prestations en dehors du Site.<\/p><h3>11. FORCE MAJEURE<\/h3><p>La Soci\u00e9t\u00e9 d\u00e9gage toute responsabilit\u00e9 des dommages direct et indirect de quelque nature que ce soit, pour un manquement quelconque \u00e0 ses obligations contractuelles dans l\u2019hypoth\u00e8se d\u2019une force majeure ou fortuite, y compris, mais sans y \u00eatre limit\u00e9e, guerre, catastrophes naturelles, incendies, gr\u00e8ve interne ou externe, d\u00e9faillance ou pannes internes ou externes, et d\u2019une mani\u00e8re g\u00e9n\u00e9rale tout \u00e9v\u00e9nement ne permettant pas la bonne ex\u00e9cution des commandes. La Soci\u00e9t\u00e9 ne saurait \u00eatre tenue responsable des probl\u00e8mes pouvant survenir lors des transactions s\u00e9curis\u00e9es.<\/p><p><strong>11.1 Protection du TPE Virtuel et de ses contenus (\u00ab El\u00e9ments Prot\u00e9g\u00e9s \u00bb)<\/strong><\/p><p>L\u2019Utilisateur s\u2019interdit, sans que cette liste ne soit exhaustive, notamment de :<\/p><p>reproduire, copier, modifier, cr\u00e9er une \u0153uvre d\u00e9riv\u00e9e, assembler, recr\u00e9er, distribuer, pr\u00e9senter, repr\u00e9senter, diffuser, afficher publiquement, transf\u00e9rer, transmettre, publier, vendre, attribuer, sous-licencier, transf\u00e9rer, mettre \u00e0 disposition d\u2019un tiers, de quelque mani\u00e8re que ce soit, tout ou partie d\u2019El\u00e9ments Prot\u00e9g\u00e9s,<br \/>d\u2019inverser, d\u00e9compiler, adapter, traduire, arranger, d\u00e9sassembler ou tenter de quelque mani\u00e8re que ce soit de d\u00e9couvrir le code source d\u2019El\u00e9ments prot\u00e9g\u00e9s (\u00e0 l\u2019exception des cas pr\u00e9vus par la loi),<br \/>modifier, alt\u00e9rer, tout ou partie d\u2019El\u00e9ments Prot\u00e9g\u00e9s en vue notamment d\u2019obtenir un acc\u00e8s non autoris\u00e9 aux Services et d\u2019acc\u00e9der au TPE Virtuel par un autre moyen que les interfaces de connexion qui lui sont fournies par la Soci\u00e9t\u00e9 \u00e0 cet effet.<\/p><h3>12. PROPRIETE INTELLECTUELLE<\/h3><p>Les marques, logos, slogans, graphismes, photographies et textes contenus sur le Site sont la propri\u00e9t\u00e9 intellectuelle exclusive de la Soci\u00e9t\u00e9 et ne peuvent \u00eatre reproduits, utilis\u00e9s ou repr\u00e9sent\u00e9s sans l\u2019autorisation expresse du ou de ses partenaires, sous peine de poursuites judiciaires. Il est strictement interdit de modifier, copier, reproduire, t\u00e9l\u00e9charger, diffuser, transmettre, exploiter commercialement et\/ou distribuer de quelque fa\u00e7on que ce soit les pages et\/ou les codes informatiques des \u00e9l\u00e9ments composant le Site.<\/p><h3>13. ATTRIBUTION DE JURIDICTION<\/h3><p>Les Conditions G\u00e9n\u00e9rales sont soumises au droit fran\u00e7ais. Sous r\u00e9serve de la r\u00e9glementation applicable, tout diff\u00e9rend pouvant survenir \u00e0 l\u2019occasion de l\u2019interpr\u00e9tation ou de l\u2019ex\u00e9cution des Conditions G\u00e9n\u00e9rales sera soumis \u00e0 la comp\u00e9tence exclusive des tribunaux de Paris.<\/p>\t\t\t\t\t\t\t\t<\/div>\n\t\t\t\t\t<\/div>\n\t\t\t\t<\/div>\n\t\t\t\t<\/div>\n\t\t","protected":false},"excerpt":{"rendered":"<p>Les pr\u00e9sentes Conditions G\u00e9n\u00e9rales ont pour objet de d\u00e9finir l\u2019ensemble des relations entre Claude Alexis (ci-apr\u00e8s d\u00e9sign\u00e9e \u00ab La Soci\u00e9t\u00e9 \u00bb) et les utilisateurs de ses services accessibles \u00e0 l\u2019adresse suivante : http:\/\/www.claudealexis.tv (ci-apr\u00e8s d\u00e9sign\u00e9 par \u00ab le Site \u00bb). CLAUDE ALEXIS, inscrit au R\u00e9pertoire des m\u00e9tiers sous le num\u00e9ro 331 113 779, domicili\u00e9e au [&hellip;]<\/p>\n","protected":false},"author":1,"featured_media":0,"parent":0,"menu_order":0,"comment_status":"closed","ping_status":"closed","template":"","meta":{"footnotes":""},"class_list":["post-181","page","type-page","status-publish","hentry"],"blocksy_meta":[],"_links":{"self":[{"href":"https:\/\/monsieuroliviermedium.com\/index.php\/wp-json\/wp\/v2\/pages\/181","targetHints":{"allow":["GET"]}}],"collection":[{"href":"https:\/\/monsieuroliviermedium.com\/index.php\/wp-json\/wp\/v2\/pages"}],"about":[{"href":"https:\/\/monsieuroliviermedium.com\/index.php\/wp-json\/wp\/v2\/types\/page"}],"author":[{"embeddable":true,"href":"https:\/\/monsieuroliviermedium.com\/index.php\/wp-json\/wp\/v2\/users\/1"}],"replies":[{"embeddable":true,"href":"https:\/\/monsieuroliviermedium.com\/index.php\/wp-json\/wp\/v2\/comments?post=181"}],"version-history":[{"count":4,"href":"https:\/\/monsieuroliviermedium.com\/index.php\/wp-json\/wp\/v2\/pages\/181\/revisions"}],"predecessor-version":[{"id":185,"href":"https:\/\/monsieuroliviermedium.com\/index.php\/wp-json\/wp\/v2\/pages\/181\/revisions\/185"}],"wp:attachment":[{"href":"https:\/\/monsieuroliviermedium.com\/index.php\/wp-json\/wp\/v2\/media?parent=181"}],"curies":[{"name":"wp","href":"https:\/\/api.w.org\/{rel}","templated":true}]}}